{"id":5027,"date":"2025-06-24T11:16:32","date_gmt":"2025-06-24T11:16:32","guid":{"rendered":"https:\/\/www.palmaresliving.com\/termos-de-pagamento-e-cancelamento-pre-pagamento-golfe\/"},"modified":"2026-02-20T14:08:41","modified_gmt":"2026-02-20T14:08:41","slug":"termos-de-pagamento-e-cancelamento-pre-pagamento-golfe","status":"publish","type":"page","link":"https:\/\/www.palmaresliving.com\/pt-pt\/termos-de-pagamento-e-cancelamento-pre-pagamento-golfe\/","title":{"rendered":"Termos de pagamento e cancelamento &#8211; Pr\u00e9-Pagamento (Golfe)"},"content":{"rendered":"\t\t<div data-elementor-type=\"wp-page\" data-elementor-id=\"5027\" class=\"elementor elementor-5027 elementor-5020\" data-elementor-post-type=\"page\">\n\t\t\t\t<div class=\"elementor-element elementor-element-54c0c9b e-flex e-con-boxed e-con e-parent\" data-id=\"54c0c9b\" data-element_type=\"container\" data-settings=\"{&quot;background_background&quot;:&quot;classic&quot;}\">\n\t\t\t\t\t<div class=\"e-con-inner\">\n\t\t\t\t<div class=\"elementor-element elementor-element-9f9cf56 elementor-widget elementor-widget-heading\" data-id=\"9f9cf56\" data-element_type=\"widget\" data-widget_type=\"heading.default\">\n\t\t\t\t<div class=\"elementor-widget-container\">\n\t\t\t\t\t<h1 class=\"elementor-heading-title elementor-size-default\">Termos de pagamento e cancelamento - Pr\u00e9-Pagamento<\/h1>\t\t\t\t<\/div>\n\t\t\t\t<\/div>\n\t\t\t\t\t<\/div>\n\t\t\t\t<\/div>\n\t\t<div class=\"elementor-element elementor-element-accfdfc e-flex e-con-boxed e-con e-parent\" data-id=\"accfdfc\" data-element_type=\"container\" data-settings=\"{&quot;background_background&quot;:&quot;classic&quot;}\">\n\t\t\t\t\t<div class=\"e-con-inner\">\n\t\t<div class=\"elementor-element elementor-element-c625657 e-con-full e-flex e-con e-child\" data-id=\"c625657\" data-element_type=\"container\">\n\t\t\t\t<div class=\"elementor-element elementor-element-e41a971 elementor-widget elementor-widget-text-editor\" data-id=\"e41a971\" data-element_type=\"widget\" data-widget_type=\"text-editor.default\">\n\t\t\t\t<div class=\"elementor-widget-container\">\n\t\t\t\t\t\t\t\t\t<div class=\"eltd-section-title-holder eltd-separator-inherit-color \"><div class=\"eltd-section-title-inner\"><p><b>Cancelamento, Altera\u00e7\u00e3o e No-show<\/b><\/p><ul><li style=\"font-weight: 400;\" aria-level=\"1\"><span style=\"font-weight: 400;\">Cancelamentos\/altera\u00e7\u00f5es antes do dia de jogo ir\u00e3o incorrer nas seguintes penaliza\u00e7\u00f5es:<\/span><ul><li style=\"font-weight: 400;\" aria-level=\"2\"><span style=\"font-weight: 400;\">At\u00e9 15 dias: Janeiro, Fevereiro, Julho, Agosto, Novembro e Dezembro.<\/span><\/li><li style=\"font-weight: 400;\" aria-level=\"2\"><span style=\"font-weight: 400;\">At\u00e9 30 dias: MAr\u00e7o, Abril, Junho, Setembro e Outubro<\/span><\/li><\/ul><\/li><li style=\"font-weight: 400;\" aria-level=\"1\"><span style=\"font-weight: 400;\">No\u2011shows, cancelamentos e\/ou altera\u00e7\u00f5es solicitadas ap\u00f3s o per\u00edodo de cancelamento ser\u00e3o cobrados na totalidade. N\u00e3o haver\u00e1 lugar a reembolsos em caso de voos atrasados ou cancelados, nem em caso de les\u00f5es pessoais. Recomenda\u2011se a contrata\u00e7\u00e3o de um seguro de viagem. Em caso de n\u00e3o compar\u00eancia, a unidade n\u00e3o se encontra obrigada a acomodar o cliente, salvo se tiver sido previamente acordada uma hora de chegada posterior.   <\/span><\/li><li style=\"font-weight: 400;\" aria-level=\"1\">Os pedidos de cancelamento dever\u00e3o ser sempre enviados para o seguinte endere\u00e7o de e\u2011mail: <a href=\"mailto:reservationspalmares@palmaresresort.com\">reservationspalmares@palmaresresort.com<\/a>, sendo apenas considerados v\u00e1lidos ap\u00f3s confirma\u00e7\u00e3o por parte do Palmares Resort.<\/li><\/ul><p><b>Pagamento<\/b><\/p><ul><li style=\"font-weight: 400;\" aria-level=\"1\"><span style=\"font-weight: 400;\">Todas as reservas dever\u00e3o ser integralmente pagas at\u00e9 ao prazo indicado acima.<\/span><\/li><\/ul><\/div><\/div>\t\t\t\t\t\t\t\t<\/div>\n\t\t\t\t<\/div>\n\t\t\t\t<\/div>\n\t\t\t\t\t<\/div>\n\t\t\t\t<\/div>\n\t\t\t\t<\/div>\n\t\t","protected":false},"excerpt":{"rendered":"<p>Termos de pagamento e cancelamento &#8211; Pr\u00e9-Pagamento Cancelamento, Altera\u00e7\u00e3o e No-show Cancelamentos\/altera\u00e7\u00f5es antes do dia de jogo ir\u00e3o incorrer nas seguintes penaliza\u00e7\u00f5es: At\u00e9 15 dias: Janeiro, Fevereiro, Julho, Agosto, Novembro e Dezembro. At\u00e9 30 dias: MAr\u00e7o, Abril, Junho, Setembro e Outubro No\u2011shows, cancelamentos e\/ou altera\u00e7\u00f5es solicitadas ap\u00f3s o per\u00edodo de cancelamento ser\u00e3o cobrados na totalidade. [&hellip;]<\/p>\n","protected":false},"author":1,"featured_media":0,"parent":0,"menu_order":0,"comment_status":"closed","ping_status":"closed","template":"elementor_header_footer","meta":{"footnotes":""},"class_list":["post-5027","page","type-page","status-publish","hentry"],"yoast_head":"<!-- This site is optimized with the Yoast SEO plugin v26.8 - https:\/\/yoast.com\/product\/yoast-seo-wordpress\/ -->\n<title>Termos de pagamento e cancelamento - Pr\u00e9-Pagamento (Golfe) - Palmares<\/title>\n<meta name=\"robots\" content=\"index, follow, max-snippet:-1, max-image-preview:large, max-video-preview:-1\" \/>\n<link rel=\"canonical\" href=\"https:\/\/www.palmaresliving.com\/pt-pt\/termos-de-pagamento-e-cancelamento-pre-pagamento-golfe\/\" \/>\n<meta property=\"og:locale\" content=\"pt_PT\" \/>\n<meta property=\"og:type\" content=\"article\" \/>\n<meta property=\"og:title\" content=\"Termos de pagamento e cancelamento - Pr\u00e9-Pagamento (Golfe) - Palmares\" \/>\n<meta property=\"og:description\" content=\"Termos de pagamento e cancelamento &#8211; Pr\u00e9-Pagamento Cancelamento, Altera\u00e7\u00e3o e No-show Cancelamentos\/altera\u00e7\u00f5es antes do dia de jogo ir\u00e3o incorrer nas seguintes penaliza\u00e7\u00f5es: At\u00e9 15 dias: Janeiro, Fevereiro, Julho, Agosto, Novembro e Dezembro. At\u00e9 30 dias: MAr\u00e7o, Abril, Junho, Setembro e Outubro No\u2011shows, cancelamentos e\/ou altera\u00e7\u00f5es solicitadas ap\u00f3s o per\u00edodo de cancelamento ser\u00e3o cobrados na totalidade. [&hellip;]\" \/>\n<meta property=\"og:url\" content=\"https:\/\/www.palmaresliving.com\/pt-pt\/termos-de-pagamento-e-cancelamento-pre-pagamento-golfe\/\" \/>\n<meta property=\"og:site_name\" content=\"Palmares\" \/>\n<meta property=\"article:modified_time\" content=\"2026-02-20T14:08:41+00:00\" \/>\n<meta name=\"twitter:card\" content=\"summary_large_image\" \/>\n<meta name=\"twitter:label1\" content=\"Tempo estimado de leitura\" \/>\n\t<meta name=\"twitter:data1\" content=\"1 minuto\" \/>\n<script type=\"application\/ld+json\" class=\"yoast-schema-graph\">{\"@context\":\"https:\/\/schema.org\",\"@graph\":[{\"@type\":\"WebPage\",\"@id\":\"https:\/\/www.palmaresliving.com\/pt-pt\/termos-de-pagamento-e-cancelamento-pre-pagamento-golfe\/\",\"url\":\"https:\/\/www.palmaresliving.com\/pt-pt\/termos-de-pagamento-e-cancelamento-pre-pagamento-golfe\/\",\"name\":\"Termos de pagamento e cancelamento - Pr\u00e9-Pagamento (Golfe) - Palmares\",\"isPartOf\":{\"@id\":\"https:\/\/www.palmaresliving.com\/pt-pt\/#website\"},\"datePublished\":\"2025-06-24T11:16:32+00:00\",\"dateModified\":\"2026-02-20T14:08:41+00:00\",\"breadcrumb\":{\"@id\":\"https:\/\/www.palmaresliving.com\/pt-pt\/termos-de-pagamento-e-cancelamento-pre-pagamento-golfe\/#breadcrumb\"},\"inLanguage\":\"pt-PT\",\"potentialAction\":[{\"@type\":\"ReadAction\",\"target\":[\"https:\/\/www.palmaresliving.com\/pt-pt\/termos-de-pagamento-e-cancelamento-pre-pagamento-golfe\/\"]}]},{\"@type\":\"BreadcrumbList\",\"@id\":\"https:\/\/www.palmaresliving.com\/pt-pt\/termos-de-pagamento-e-cancelamento-pre-pagamento-golfe\/#breadcrumb\",\"itemListElement\":[{\"@type\":\"ListItem\",\"position\":1,\"name\":\"Home\",\"item\":\"https:\/\/www.palmaresliving.com\/pt-pt\/home\/\"},{\"@type\":\"ListItem\",\"position\":2,\"name\":\"Termos de pagamento e cancelamento &#8211; Pr\u00e9-Pagamento (Golfe)\"}]},{\"@type\":\"WebSite\",\"@id\":\"https:\/\/www.palmaresliving.com\/pt-pt\/#website\",\"url\":\"https:\/\/www.palmaresliving.com\/pt-pt\/\",\"name\":\"Palmares\",\"description\":\"Palmares\",\"publisher\":{\"@id\":\"https:\/\/www.palmaresliving.com\/pt-pt\/#organization\"},\"potentialAction\":[{\"@type\":\"SearchAction\",\"target\":{\"@type\":\"EntryPoint\",\"urlTemplate\":\"https:\/\/www.palmaresliving.com\/pt-pt\/?s={search_term_string}\"},\"query-input\":{\"@type\":\"PropertyValueSpecification\",\"valueRequired\":true,\"valueName\":\"search_term_string\"}}],\"inLanguage\":\"pt-PT\"},{\"@type\":\"Organization\",\"@id\":\"https:\/\/www.palmaresliving.com\/pt-pt\/#organization\",\"name\":\"Palmares\",\"url\":\"https:\/\/www.palmaresliving.com\/pt-pt\/\",\"logo\":{\"@type\":\"ImageObject\",\"inLanguage\":\"pt-PT\",\"@id\":\"https:\/\/www.palmaresliving.com\/pt-pt\/#\/schema\/logo\/image\/\",\"url\":\"https:\/\/www.palmaresliving.com\/wp-content\/uploads\/2025\/03\/logo-palmares.svg\",\"contentUrl\":\"https:\/\/www.palmaresliving.com\/wp-content\/uploads\/2025\/03\/logo-palmares.svg\",\"width\":165,\"height\":15,\"caption\":\"Palmares\"},\"image\":{\"@id\":\"https:\/\/www.palmaresliving.com\/pt-pt\/#\/schema\/logo\/image\/\"}}]}<\/script>\n<!-- \/ Yoast SEO plugin. -->","yoast_head_json":{"title":"Termos de pagamento e cancelamento - Pr\u00e9-Pagamento (Golfe) - Palmares","robots":{"index":"index","follow":"follow","max-snippet":"max-snippet:-1","max-image-preview":"max-image-preview:large","max-video-preview":"max-video-preview:-1"},"canonical":"https:\/\/www.palmaresliving.com\/pt-pt\/termos-de-pagamento-e-cancelamento-pre-pagamento-golfe\/","og_locale":"pt_PT","og_type":"article","og_title":"Termos de pagamento e cancelamento - Pr\u00e9-Pagamento (Golfe) - Palmares","og_description":"Termos de pagamento e cancelamento &#8211; Pr\u00e9-Pagamento Cancelamento, Altera\u00e7\u00e3o e No-show Cancelamentos\/altera\u00e7\u00f5es antes do dia de jogo ir\u00e3o incorrer nas seguintes penaliza\u00e7\u00f5es: At\u00e9 15 dias: Janeiro, Fevereiro, Julho, Agosto, Novembro e Dezembro. At\u00e9 30 dias: MAr\u00e7o, Abril, Junho, Setembro e Outubro No\u2011shows, cancelamentos e\/ou altera\u00e7\u00f5es solicitadas ap\u00f3s o per\u00edodo de cancelamento ser\u00e3o cobrados na totalidade. [&hellip;]","og_url":"https:\/\/www.palmaresliving.com\/pt-pt\/termos-de-pagamento-e-cancelamento-pre-pagamento-golfe\/","og_site_name":"Palmares","article_modified_time":"2026-02-20T14:08:41+00:00","twitter_card":"summary_large_image","twitter_misc":{"Tempo estimado de leitura":"1 minuto"},"schema":{"@context":"https:\/\/schema.org","@graph":[{"@type":"WebPage","@id":"https:\/\/www.palmaresliving.com\/pt-pt\/termos-de-pagamento-e-cancelamento-pre-pagamento-golfe\/","url":"https:\/\/www.palmaresliving.com\/pt-pt\/termos-de-pagamento-e-cancelamento-pre-pagamento-golfe\/","name":"Termos de pagamento e cancelamento - Pr\u00e9-Pagamento (Golfe) - Palmares","isPartOf":{"@id":"https:\/\/www.palmaresliving.com\/pt-pt\/#website"},"datePublished":"2025-06-24T11:16:32+00:00","dateModified":"2026-02-20T14:08:41+00:00","breadcrumb":{"@id":"https:\/\/www.palmaresliving.com\/pt-pt\/termos-de-pagamento-e-cancelamento-pre-pagamento-golfe\/#breadcrumb"},"inLanguage":"pt-PT","potentialAction":[{"@type":"ReadAction","target":["https:\/\/www.palmaresliving.com\/pt-pt\/termos-de-pagamento-e-cancelamento-pre-pagamento-golfe\/"]}]},{"@type":"BreadcrumbList","@id":"https:\/\/www.palmaresliving.com\/pt-pt\/termos-de-pagamento-e-cancelamento-pre-pagamento-golfe\/#breadcrumb","itemListElement":[{"@type":"ListItem","position":1,"name":"Home","item":"https:\/\/www.palmaresliving.com\/pt-pt\/home\/"},{"@type":"ListItem","position":2,"name":"Termos de pagamento e cancelamento &#8211; Pr\u00e9-Pagamento (Golfe)"}]},{"@type":"WebSite","@id":"https:\/\/www.palmaresliving.com\/pt-pt\/#website","url":"https:\/\/www.palmaresliving.com\/pt-pt\/","name":"Palmares","description":"Palmares","publisher":{"@id":"https:\/\/www.palmaresliving.com\/pt-pt\/#organization"},"potentialAction":[{"@type":"SearchAction","target":{"@type":"EntryPoint","urlTemplate":"https:\/\/www.palmaresliving.com\/pt-pt\/?s={search_term_string}"},"query-input":{"@type":"PropertyValueSpecification","valueRequired":true,"valueName":"search_term_string"}}],"inLanguage":"pt-PT"},{"@type":"Organization","@id":"https:\/\/www.palmaresliving.com\/pt-pt\/#organization","name":"Palmares","url":"https:\/\/www.palmaresliving.com\/pt-pt\/","logo":{"@type":"ImageObject","inLanguage":"pt-PT","@id":"https:\/\/www.palmaresliving.com\/pt-pt\/#\/schema\/logo\/image\/","url":"https:\/\/www.palmaresliving.com\/wp-content\/uploads\/2025\/03\/logo-palmares.svg","contentUrl":"https:\/\/www.palmaresliving.com\/wp-content\/uploads\/2025\/03\/logo-palmares.svg","width":165,"height":15,"caption":"Palmares"},"image":{"@id":"https:\/\/www.palmaresliving.com\/pt-pt\/#\/schema\/logo\/image\/"}}]}},"_links":{"self":[{"href":"https:\/\/www.palmaresliving.com\/pt-pt\/wp-json\/wp\/v2\/pages\/5027","targetHints":{"allow":["GET"]}}],"collection":[{"href":"https:\/\/www.palmaresliving.com\/pt-pt\/wp-json\/wp\/v2\/pages"}],"about":[{"href":"https:\/\/www.palmaresliving.com\/pt-pt\/wp-json\/wp\/v2\/types\/page"}],"author":[{"embeddable":true,"href":"https:\/\/www.palmaresliving.com\/pt-pt\/wp-json\/wp\/v2\/users\/1"}],"replies":[{"embeddable":true,"href":"https:\/\/www.palmaresliving.com\/pt-pt\/wp-json\/wp\/v2\/comments?post=5027"}],"version-history":[{"count":2,"href":"https:\/\/www.palmaresliving.com\/pt-pt\/wp-json\/wp\/v2\/pages\/5027\/revisions"}],"predecessor-version":[{"id":7631,"href":"https:\/\/www.palmaresliving.com\/pt-pt\/wp-json\/wp\/v2\/pages\/5027\/revisions\/7631"}],"wp:attachment":[{"href":"https:\/\/www.palmaresliving.com\/pt-pt\/wp-json\/wp\/v2\/media?parent=5027"}],"curies":[{"name":"wp","href":"https:\/\/api.w.org\/{rel}","templated":true}]}}