{"id":5025,"date":"2025-06-24T11:10:34","date_gmt":"2025-06-24T11:10:34","guid":{"rendered":"https:\/\/www.palmaresliving.com\/termos-de-pagamento-e-cancelamento-credito-golfe\/"},"modified":"2025-06-24T11:26:51","modified_gmt":"2025-06-24T11:26:51","slug":"termos-de-pagamento-e-cancelamento-credito-golfe","status":"publish","type":"page","link":"https:\/\/www.palmaresliving.com\/pt-pt\/termos-de-pagamento-e-cancelamento-credito-golfe\/","title":{"rendered":"Termos de pagamento e cancelamento \u2013 Cr\u00e9dito (Golfe)"},"content":{"rendered":"\t\t<div data-elementor-type=\"wp-page\" data-elementor-id=\"5025\" class=\"elementor elementor-5025 elementor-5015\" data-elementor-post-type=\"page\">\n\t\t\t\t<div class=\"elementor-element elementor-element-f8430e0 e-flex e-con-boxed e-con e-parent\" data-id=\"f8430e0\" data-element_type=\"container\" data-settings=\"{&quot;background_background&quot;:&quot;classic&quot;}\">\n\t\t\t\t\t<div class=\"e-con-inner\">\n\t\t\t\t<div class=\"elementor-element elementor-element-be9b6ab elementor-widget elementor-widget-heading\" data-id=\"be9b6ab\" data-element_type=\"widget\" data-widget_type=\"heading.default\">\n\t\t\t\t<div class=\"elementor-widget-container\">\n\t\t\t\t\t<h1 class=\"elementor-heading-title elementor-size-default\">Termos de pagamento e cancelamento \u2013 Cr\u00e9dito<\/h1>\t\t\t\t<\/div>\n\t\t\t\t<\/div>\n\t\t\t\t\t<\/div>\n\t\t\t\t<\/div>\n\t\t<div class=\"elementor-element elementor-element-69ad840 e-flex e-con-boxed e-con e-parent\" data-id=\"69ad840\" data-element_type=\"container\" data-settings=\"{&quot;background_background&quot;:&quot;classic&quot;}\">\n\t\t\t\t\t<div class=\"e-con-inner\">\n\t\t<div class=\"elementor-element elementor-element-7bb9bd8 e-con-full e-flex e-con e-child\" data-id=\"7bb9bd8\" data-element_type=\"container\">\n\t\t\t\t<div class=\"elementor-element elementor-element-1924aae elementor-widget elementor-widget-text-editor\" data-id=\"1924aae\" data-element_type=\"widget\" data-widget_type=\"text-editor.default\">\n\t\t\t\t<div class=\"elementor-widget-container\">\n\t\t\t\t\t\t\t\t\t<div class=\"eltd-section-title-holder eltd-separator-inherit-color \"><div class=\"eltd-section-title-inner\"><p><span style=\"font-weight: 400;\">Para reservas confirmadas at\u00e9 31 de Dezembro de 2025<\/span><\/p><p><b>Cancelamento, altera\u00e7\u00f5es e n\u00e3o compar\u00eancia<\/b><\/p><ul><li style=\"font-weight: 400;\" aria-level=\"1\"><span style=\"font-weight: 400;\">At\u00e9 2 jogadores: 72h antes do primeiro dia de jogo;<\/span><\/li><li style=\"font-weight: 400;\" aria-level=\"1\"><span style=\"font-weight: 400;\">3 a 4 jogadores: 7 dias antes do primeiro dia de jogo;<\/span><\/li><li style=\"font-weight: 400;\" aria-level=\"1\"><span style=\"font-weight: 400;\">5 a 15 jogadores: 15 dias antes do primeiro dia de jogo;<\/span><\/li><li style=\"font-weight: 400;\" aria-level=\"1\"><span style=\"font-weight: 400;\">16 ou mais jogadores: 30 dias antes do primeiro dia de jogo; <\/span><\/li><\/ul><ul><li style=\"font-weight: 400;\" aria-level=\"1\"><span style=\"font-weight: 400;\">No-Shows, cancelamentos e\/ou modifica\u00e7\u00f5es solicitadas ap\u00f3s o per\u00edodo de cancelamento ser\u00e3o cobrados na totalidade. N\u00e3o h\u00e1 reembolsos devido a voos atrasados ou cancelados e a danos pessoais. Recomenda-se a subscri\u00e7\u00e3o de um seguro de viagem. Em caso de n\u00e3o compar\u00eancia, a unidade n\u00e3o \u00e9 obrigada a alojar o cliente, exceto se tiver sido acordada uma hora de chegada posterior.   <\/span><\/li><li style=\"font-weight: 400;\" aria-level=\"1\"><span style=\"font-weight: 400;\">Os pedidos de cancelamento devem ser sempre enviados para o e-mail:<\/span> <a href=\"mailto:reservationspalmares@palmaresresort.com\"><span style=\"font-weight: 400;\">reservationspalmares@palmaresresort.com<\/span><\/a>,<span style=\"font-weight: 400;\"> e s\u00f3 ser\u00e3o considerados aceites depois de confirmados pelo Palmares Resort.<\/span><\/li><\/ul><p><span style=\"font-weight: 400;\">Para reservas confirmadas a partir de 1 de Janeiro 2026<\/span><\/p><ul><li style=\"font-weight: 400;\" aria-level=\"1\"><span style=\"font-weight: 400;\">Os cancelamentos\/altera\u00e7\u00f5es antes do dia do jogo n\u00e3o implicam qualquer penaliza\u00e7\u00e3o:<\/span><ul><li style=\"font-weight: 400;\" aria-level=\"2\"><span style=\"font-weight: 400;\">At\u00e9 15 dias: janeiro, fevereiro, julho, agosto, novembro e dezembro.<\/span><\/li><li style=\"font-weight: 400;\" aria-level=\"2\"><span style=\"font-weight: 400;\">At\u00e9 30 dias: mar\u00e7o, abril, maio, junho, setembro e outubro<\/span><\/li><\/ul><\/li><li style=\"font-weight: 400;\" aria-level=\"1\"><span style=\"font-weight: 400;\">No-Shows, cancelamentos e\/ou modifica\u00e7\u00f5es solicitadas ap\u00f3s o per\u00edodo de cancelamento ser\u00e3o cobrados na totalidade. N\u00e3o h\u00e1 reembolsos devido a voos atrasados ou cancelados e a danos pessoais. Recomenda-se a subscri\u00e7\u00e3o de um seguro de viagem. Em caso de n\u00e3o compar\u00eancia, a unidade n\u00e3o \u00e9 obrigada a alojar o cliente, exceto se tiver sido acordada uma hora de chegada posterior.   <\/span><\/li><\/ul><p> <\/p><p class=\"eltd-st-text\"><span style=\"font-weight: 400;\">Os pedidos de cancelamento devem ser sempre enviados para o e-mail:<\/span> <a href=\"mailto:reservationspalmares@palmaresresort.com\"><span style=\"font-weight: 400;\">reservationspalmares@palmaresresort.com<\/span><\/a>, <span style=\"font-weight: 400;\">e s\u00f3 ser\u00e3o considerados aceites depois de confirmados pelo Palmares Resort.<\/span><\/p><\/div><\/div>\t\t\t\t\t\t\t\t<\/div>\n\t\t\t\t<\/div>\n\t\t\t\t<\/div>\n\t\t\t\t\t<\/div>\n\t\t\t\t<\/div>\n\t\t\t\t<\/div>\n\t\t","protected":false},"excerpt":{"rendered":"<p>Termos de pagamento e cancelamento \u2013 Cr\u00e9dito Para reservas confirmadas at\u00e9 31 de Dezembro de 2025 Cancelamento, altera\u00e7\u00f5es e n\u00e3o compar\u00eancia At\u00e9 2 jogadores: 72h antes do primeiro dia de jogo; 3 a 4 jogadores: 7 dias antes do primeiro dia de jogo; 5 a 15 jogadores: 15 dias antes do primeiro dia de jogo; [&hellip;]<\/p>\n","protected":false},"author":1,"featured_media":0,"parent":0,"menu_order":0,"comment_status":"closed","ping_status":"closed","template":"elementor_header_footer","meta":{"footnotes":""},"class_list":["post-5025","page","type-page","status-publish","hentry"],"yoast_head":"<!-- This site is optimized with the Yoast SEO plugin v26.8 - https:\/\/yoast.com\/product\/yoast-seo-wordpress\/ -->\n<title>Termos de pagamento e cancelamento \u2013 Cr\u00e9dito (Golfe) - Palmares<\/title>\n<meta name=\"robots\" content=\"index, follow, max-snippet:-1, max-image-preview:large, max-video-preview:-1\" \/>\n<link rel=\"canonical\" href=\"https:\/\/www.palmaresliving.com\/pt-pt\/termos-de-pagamento-e-cancelamento-credito-golfe\/\" \/>\n<meta property=\"og:locale\" content=\"pt_PT\" \/>\n<meta property=\"og:type\" content=\"article\" \/>\n<meta property=\"og:title\" content=\"Termos de pagamento e cancelamento \u2013 Cr\u00e9dito (Golfe) - Palmares\" \/>\n<meta property=\"og:description\" content=\"Termos de pagamento e cancelamento \u2013 Cr\u00e9dito Para reservas confirmadas at\u00e9 31 de Dezembro de 2025 Cancelamento, altera\u00e7\u00f5es e n\u00e3o compar\u00eancia At\u00e9 2 jogadores: 72h antes do primeiro dia de jogo; 3 a 4 jogadores: 7 dias antes do primeiro dia de jogo; 5 a 15 jogadores: 15 dias antes do primeiro dia de jogo; [&hellip;]\" \/>\n<meta property=\"og:url\" content=\"https:\/\/www.palmaresliving.com\/pt-pt\/termos-de-pagamento-e-cancelamento-credito-golfe\/\" \/>\n<meta property=\"og:site_name\" content=\"Palmares\" \/>\n<meta property=\"article:modified_time\" content=\"2025-06-24T11:26:51+00:00\" \/>\n<meta name=\"twitter:card\" content=\"summary_large_image\" \/>\n<meta name=\"twitter:label1\" content=\"Tempo estimado de leitura\" \/>\n\t<meta name=\"twitter:data1\" content=\"1 minuto\" \/>\n<script type=\"application\/ld+json\" class=\"yoast-schema-graph\">{\"@context\":\"https:\/\/schema.org\",\"@graph\":[{\"@type\":\"WebPage\",\"@id\":\"https:\/\/www.palmaresliving.com\/pt-pt\/termos-de-pagamento-e-cancelamento-credito-golfe\/\",\"url\":\"https:\/\/www.palmaresliving.com\/pt-pt\/termos-de-pagamento-e-cancelamento-credito-golfe\/\",\"name\":\"Termos de pagamento e cancelamento \u2013 Cr\u00e9dito (Golfe) - Palmares\",\"isPartOf\":{\"@id\":\"https:\/\/www.palmaresliving.com\/pt-pt\/#website\"},\"datePublished\":\"2025-06-24T11:10:34+00:00\",\"dateModified\":\"2025-06-24T11:26:51+00:00\",\"breadcrumb\":{\"@id\":\"https:\/\/www.palmaresliving.com\/pt-pt\/termos-de-pagamento-e-cancelamento-credito-golfe\/#breadcrumb\"},\"inLanguage\":\"pt-PT\",\"potentialAction\":[{\"@type\":\"ReadAction\",\"target\":[\"https:\/\/www.palmaresliving.com\/pt-pt\/termos-de-pagamento-e-cancelamento-credito-golfe\/\"]}]},{\"@type\":\"BreadcrumbList\",\"@id\":\"https:\/\/www.palmaresliving.com\/pt-pt\/termos-de-pagamento-e-cancelamento-credito-golfe\/#breadcrumb\",\"itemListElement\":[{\"@type\":\"ListItem\",\"position\":1,\"name\":\"Home\",\"item\":\"https:\/\/www.palmaresliving.com\/pt-pt\/home\/\"},{\"@type\":\"ListItem\",\"position\":2,\"name\":\"Termos de pagamento e cancelamento \u2013 Cr\u00e9dito (Golfe)\"}]},{\"@type\":\"WebSite\",\"@id\":\"https:\/\/www.palmaresliving.com\/pt-pt\/#website\",\"url\":\"https:\/\/www.palmaresliving.com\/pt-pt\/\",\"name\":\"Palmares\",\"description\":\"Palmares\",\"publisher\":{\"@id\":\"https:\/\/www.palmaresliving.com\/pt-pt\/#organization\"},\"potentialAction\":[{\"@type\":\"SearchAction\",\"target\":{\"@type\":\"EntryPoint\",\"urlTemplate\":\"https:\/\/www.palmaresliving.com\/pt-pt\/?s={search_term_string}\"},\"query-input\":{\"@type\":\"PropertyValueSpecification\",\"valueRequired\":true,\"valueName\":\"search_term_string\"}}],\"inLanguage\":\"pt-PT\"},{\"@type\":\"Organization\",\"@id\":\"https:\/\/www.palmaresliving.com\/pt-pt\/#organization\",\"name\":\"Palmares\",\"url\":\"https:\/\/www.palmaresliving.com\/pt-pt\/\",\"logo\":{\"@type\":\"ImageObject\",\"inLanguage\":\"pt-PT\",\"@id\":\"https:\/\/www.palmaresliving.com\/pt-pt\/#\/schema\/logo\/image\/\",\"url\":\"https:\/\/www.palmaresliving.com\/wp-content\/uploads\/2025\/03\/logo-palmares.svg\",\"contentUrl\":\"https:\/\/www.palmaresliving.com\/wp-content\/uploads\/2025\/03\/logo-palmares.svg\",\"width\":165,\"height\":15,\"caption\":\"Palmares\"},\"image\":{\"@id\":\"https:\/\/www.palmaresliving.com\/pt-pt\/#\/schema\/logo\/image\/\"}}]}<\/script>\n<!-- \/ Yoast SEO plugin. -->","yoast_head_json":{"title":"Termos de pagamento e cancelamento \u2013 Cr\u00e9dito (Golfe) - Palmares","robots":{"index":"index","follow":"follow","max-snippet":"max-snippet:-1","max-image-preview":"max-image-preview:large","max-video-preview":"max-video-preview:-1"},"canonical":"https:\/\/www.palmaresliving.com\/pt-pt\/termos-de-pagamento-e-cancelamento-credito-golfe\/","og_locale":"pt_PT","og_type":"article","og_title":"Termos de pagamento e cancelamento \u2013 Cr\u00e9dito (Golfe) - Palmares","og_description":"Termos de pagamento e cancelamento \u2013 Cr\u00e9dito Para reservas confirmadas at\u00e9 31 de Dezembro de 2025 Cancelamento, altera\u00e7\u00f5es e n\u00e3o compar\u00eancia At\u00e9 2 jogadores: 72h antes do primeiro dia de jogo; 3 a 4 jogadores: 7 dias antes do primeiro dia de jogo; 5 a 15 jogadores: 15 dias antes do primeiro dia de jogo; [&hellip;]","og_url":"https:\/\/www.palmaresliving.com\/pt-pt\/termos-de-pagamento-e-cancelamento-credito-golfe\/","og_site_name":"Palmares","article_modified_time":"2025-06-24T11:26:51+00:00","twitter_card":"summary_large_image","twitter_misc":{"Tempo estimado de leitura":"1 minuto"},"schema":{"@context":"https:\/\/schema.org","@graph":[{"@type":"WebPage","@id":"https:\/\/www.palmaresliving.com\/pt-pt\/termos-de-pagamento-e-cancelamento-credito-golfe\/","url":"https:\/\/www.palmaresliving.com\/pt-pt\/termos-de-pagamento-e-cancelamento-credito-golfe\/","name":"Termos de pagamento e cancelamento \u2013 Cr\u00e9dito (Golfe) - Palmares","isPartOf":{"@id":"https:\/\/www.palmaresliving.com\/pt-pt\/#website"},"datePublished":"2025-06-24T11:10:34+00:00","dateModified":"2025-06-24T11:26:51+00:00","breadcrumb":{"@id":"https:\/\/www.palmaresliving.com\/pt-pt\/termos-de-pagamento-e-cancelamento-credito-golfe\/#breadcrumb"},"inLanguage":"pt-PT","potentialAction":[{"@type":"ReadAction","target":["https:\/\/www.palmaresliving.com\/pt-pt\/termos-de-pagamento-e-cancelamento-credito-golfe\/"]}]},{"@type":"BreadcrumbList","@id":"https:\/\/www.palmaresliving.com\/pt-pt\/termos-de-pagamento-e-cancelamento-credito-golfe\/#breadcrumb","itemListElement":[{"@type":"ListItem","position":1,"name":"Home","item":"https:\/\/www.palmaresliving.com\/pt-pt\/home\/"},{"@type":"ListItem","position":2,"name":"Termos de pagamento e cancelamento \u2013 Cr\u00e9dito (Golfe)"}]},{"@type":"WebSite","@id":"https:\/\/www.palmaresliving.com\/pt-pt\/#website","url":"https:\/\/www.palmaresliving.com\/pt-pt\/","name":"Palmares","description":"Palmares","publisher":{"@id":"https:\/\/www.palmaresliving.com\/pt-pt\/#organization"},"potentialAction":[{"@type":"SearchAction","target":{"@type":"EntryPoint","urlTemplate":"https:\/\/www.palmaresliving.com\/pt-pt\/?s={search_term_string}"},"query-input":{"@type":"PropertyValueSpecification","valueRequired":true,"valueName":"search_term_string"}}],"inLanguage":"pt-PT"},{"@type":"Organization","@id":"https:\/\/www.palmaresliving.com\/pt-pt\/#organization","name":"Palmares","url":"https:\/\/www.palmaresliving.com\/pt-pt\/","logo":{"@type":"ImageObject","inLanguage":"pt-PT","@id":"https:\/\/www.palmaresliving.com\/pt-pt\/#\/schema\/logo\/image\/","url":"https:\/\/www.palmaresliving.com\/wp-content\/uploads\/2025\/03\/logo-palmares.svg","contentUrl":"https:\/\/www.palmaresliving.com\/wp-content\/uploads\/2025\/03\/logo-palmares.svg","width":165,"height":15,"caption":"Palmares"},"image":{"@id":"https:\/\/www.palmaresliving.com\/pt-pt\/#\/schema\/logo\/image\/"}}]}},"_links":{"self":[{"href":"https:\/\/www.palmaresliving.com\/pt-pt\/wp-json\/wp\/v2\/pages\/5025","targetHints":{"allow":["GET"]}}],"collection":[{"href":"https:\/\/www.palmaresliving.com\/pt-pt\/wp-json\/wp\/v2\/pages"}],"about":[{"href":"https:\/\/www.palmaresliving.com\/pt-pt\/wp-json\/wp\/v2\/types\/page"}],"author":[{"embeddable":true,"href":"https:\/\/www.palmaresliving.com\/pt-pt\/wp-json\/wp\/v2\/users\/1"}],"replies":[{"embeddable":true,"href":"https:\/\/www.palmaresliving.com\/pt-pt\/wp-json\/wp\/v2\/comments?post=5025"}],"version-history":[{"count":1,"href":"https:\/\/www.palmaresliving.com\/pt-pt\/wp-json\/wp\/v2\/pages\/5025\/revisions"}],"predecessor-version":[{"id":5026,"href":"https:\/\/www.palmaresliving.com\/pt-pt\/wp-json\/wp\/v2\/pages\/5025\/revisions\/5026"}],"wp:attachment":[{"href":"https:\/\/www.palmaresliving.com\/pt-pt\/wp-json\/wp\/v2\/media?parent=5025"}],"curies":[{"name":"wp","href":"https:\/\/api.w.org\/{rel}","templated":true}]}}